{"id":3682,"date":"2025-06-12T13:43:55","date_gmt":"2025-06-12T13:43:55","guid":{"rendered":"https:\/\/www.solkeys.com\/publications\/"},"modified":"2025-10-21T08:39:13","modified_gmt":"2025-10-21T08:39:13","slug":"publications","status":"publish","type":"page","link":"https:\/\/www.solkeys.com\/es\/publications\/","title":{"rendered":"Publicaciones"},"content":{"rendered":"<p><div class=\"fusion-fullwidth fullwidth-box fusion-builder-row-1 fusion-flex-container has-pattern-background has-mask-background nonhundred-percent-fullwidth non-hundred-percent-height-scrolling\" style=\"--awb-border-radius-top-left:0px;--awb-border-radius-top-right:0px;--awb-border-radius-bottom-right:0px;--awb-border-radius-bottom-left:0px;--awb-padding-top:30px;--awb-flex-wrap:wrap;\" ><div class=\"fusion-builder-row fusion-row fusion-flex-align-items-flex-start fusion-flex-content-wrap\" style=\"max-width:1248px;margin-left: calc(-4% \/ 2 );margin-right: calc(-4% \/ 2 );\"><div class=\"fusion-layout-column fusion_builder_column fusion-builder-column-0 fusion_builder_column_1_1 1_1 fusion-flex-column\" style=\"--awb-bg-size:cover;--awb-width-large:100%;--awb-margin-top-large:0px;--awb-spacing-right-large:1.92%;--awb-margin-bottom-large:20px;--awb-spacing-left-large:1.92%;--awb-width-medium:100%;--awb-order-medium:0;--awb-spacing-right-medium:1.92%;--awb-spacing-left-medium:1.92%;--awb-width-small:100%;--awb-order-small:0;--awb-spacing-right-small:1.92%;--awb-spacing-left-small:1.92%;\"><div class=\"fusion-column-wrapper fusion-column-has-shadow fusion-flex-justify-content-flex-start fusion-content-layout-column\"><div class=\"fusion-text fusion-text-1\" style=\"--awb-content-alignment:center;--awb-text-font-family:&quot;CenturyGothic&quot;;--awb-text-font-style:normal;--awb-text-font-weight:400;\"><p><span style=\"font-family: Century Gothic Bold;\" data-fusion-font=\"true\">Enabling Innovation Through ESG: a Roadmap for the European PV<\/span>, Abeer Ali Khan, Paula Sanchez-Friera, Sebastien Lizin, Samira Aden, Pinar Derin Gure, Jan Clyncke, Ioannis (John) Tsanakas, Marcello Passaro, Perine Fleury, Cristina Polacchi, Elisa Veronese, Proc. of 42nd European Photovoltaic Solar Energy Conference and Exhibition (EU PVSEC), 2025.<\/p>\n<p><span style=\"font-family: Century Gothic Bold;\" data-fusion-font=\"true\">Development of a Simple Tool for Estimating Irradiation Reduction in Agrivoltaic Greenhouses<\/span>, Paula Sanchez-Friera, Guillermo Correa, Luis P\u00e9rez, Baurin Leza, Tom\u00e1s Pernas, Jairo P\u00e9rez, Jorge P\u00e9rez, Proc. of 42nd European Photovoltaic Solar Energy Conference and Exhibition (EU PVSEC), 2025.<\/p>\n<p><span style=\"font-family: Century Gothic Bold;\" data-fusion-font=\"true\">Driving the Quest for Reliable and Bankable PV in Europe &#8211; Status and Targets in 2030<\/span>, Ulrike Jahn, David Moser, Delfina Mu\u00f1oz, Paula S\u00e1nchez-Friera, Proc. of 41st European Photovoltaic Solar Energy Conference and Exhibition (EU PVSEC), 2024.<\/p>\n<p><span style=\"font-family: Century Gothic Bold;\">Comparative of IEC 60891 and Other Procedures for Temperature and Irradiance Corrections to Measured <i>I\u2013V<\/i> Characteristics of Photovoltaic Devices, <\/span>M Piliougine, P S\u00e1nchez-Friera, G Spagnuolo, Energies 17 (3), 566, 2024.<\/p>\n<p><span style=\"font-family: Century Gothic Bold;\">Comparison of tracking algorithms for photovoltaic systems on irregular terrains, <\/span>Jesus Robledo, Paula S\u00e1nchez-Friera, Jonathan Leloux, Roberto Fern\u00e1ndez, AI Su\u00e1rez, Luis P\u00e9rez, Proc. of 40th European Photovoltaic Solar Energy Conference and Exhibition (EU PVSEC), 2023.<\/p>\n<p><span style=\"font-family: Century Gothic Bold;\">New model to study the outdoor degradation of thin\u2013film photovoltaic modules, <\/span>M Piliougine, P S\u00e1nchez-Friera, G Petrone, FJ S\u00e1nchez-Pacheco, Renewable Energy 193, 857-869, 2022.<\/p>\n<p><span style=\"font-family: Century Gothic Bold;\">Analysis of the degradation of amorphous silicon-based modules after 11 years of exposure by means of IEC60891:2021 procedure 3, <\/span>M. Piliougine, P. S\u00e1nchez-Friera, G. Petrone, F.J. S\u00e1nchez-Pacheco, G. Spagnuolo, M. Sidrach-de-Cardona, Progress in photovoltaics: Research and Applications, 2022, doi:10.1002\/pip.3567.<\/p>\n<p><span style=\"font-family: Century Gothic Bold;\">Analysis of the degradation of single-crystalline silicon modules after 21 years of operation, <\/span>M. Piliougine, A. Oukaja, P. S\u00e1nchez-Friera, G. Petrone, F.J. S\u00e1nchez-Pacheco, G. Spagnuolo, M. Sidrach-de-Cardona, Progress in photovoltaics: Research and Applications, 29, 907-919, 2021.<\/p>\n<p><span style=\"font-family: Century Gothic Bold;\">Smart Windows Based on Nanoparticles Solar Concentrators, <\/span>P. S\u00e1nchez-Friera , B. Puerto, A. Zapico, H. Aguilar, J. Gomes, M. Gon\u00e7alves, M. Ornelas, C. Costa, A. Barros, J. Alarc\u00f3n, R. Garc\u00eda, C. Garc\u00eda, Proceedings of 33rd European Photovoltaic Solar Energy Conference and Exhibition, 2017.<\/p>\n<p><span style=\"font-family: Century Gothic Bold;\">Advances in the Development of a Novel Module Concept Based on Conductive Structures in the Encapsulation Material for Contacting Highly Efficient n-Type Back-Contact Solar Cells, <\/span>E. Cabrera, A. Schneider, J. Rabanal, D. Thaller, LJ. Koduvelikulathu, B. P\u00e9rez, B. Puerto, P. S\u00e1nchez-Friera, T. Brown, D. Greenhill, R. Merino, R. Camblor, R. Pittson, A. Halm, Proceedings of 33rd European Photovoltaic Solar Energy Conference and Exhibition, 2017.<\/p>\n<p><span style=\"font-family: Century Gothic Bold;\">Novel Solar Cell Interconnection Scheme Embedded in Encapsulant, <\/span>P. S\u00e1nchez-Friera , B. Puerto, D. Alvarez, I. Fidalgo, R. Merino Mart\u00ednez, Proceedings of 31st European Photovoltaic Solar Energy Conference and Exhibition, 2015.<\/p>\n<p><span style=\"font-family: Century Gothic Bold;\">Analysis of degradation mechanisms of crystalline silicon PV modules after 12 years of operation in Southern Europe, <\/span>P. S\u00e1nchez Friera, M. Piliougine, J. Pelaez, J. Carretero, M. Sidrach de Cardona, Progress in photovoltaics: Research and Applications 19 (6), 658-666, 2011.<\/p>\n<\/div><\/div><\/div><\/div><\/div><div class=\"fusion-fullwidth fullwidth-box fusion-builder-row-2 fusion-flex-container has-pattern-background has-mask-background nonhundred-percent-fullwidth non-hundred-percent-height-scrolling\" style=\"--awb-border-radius-top-left:0px;--awb-border-radius-top-right:0px;--awb-border-radius-bottom-right:0px;--awb-border-radius-bottom-left:0px;--awb-flex-wrap:wrap;\" ><div class=\"fusion-builder-row fusion-row fusion-flex-align-items-flex-start fusion-flex-content-wrap\" style=\"max-width:1248px;margin-left: calc(-4% \/ 2 );margin-right: calc(-4% \/ 2 );\"><div class=\"fusion-layout-column fusion_builder_column fusion-builder-column-1 fusion_builder_column_1_1 1_1 fusion-flex-column\" style=\"--awb-bg-size:cover;--awb-width-large:100%;--awb-margin-top-large:0px;--awb-spacing-right-large:1.92%;--awb-margin-bottom-large:20px;--awb-spacing-left-large:1.92%;--awb-width-medium:100%;--awb-order-medium:0;--awb-spacing-right-medium:1.92%;--awb-spacing-left-medium:1.92%;--awb-width-small:100%;--awb-order-small:0;--awb-spacing-right-small:1.92%;--awb-spacing-left-small:1.92%;\"><div class=\"fusion-column-wrapper fusion-column-has-shadow fusion-flex-justify-content-flex-start fusion-content-layout-column\"><div style=\"text-align:center;\"><a class=\"fusion-button button-flat fusion-button-default-size button-custom fusion-button-default button-1 fusion-button-default-span fusion-button-default-type\" style=\"--button_accent_color:var(--awb-custom_color_1);--button_accent_hover_color:var(--awb-color1);--button_border_hover_color:var(--awb-color1);--button_gradient_top_color:var(--awb-color1);--button_gradient_bottom_color:var(--awb-color1);--button_gradient_top_color_hover:var(--awb-custom_color_1);--button_gradient_bottom_color_hover:var(--awb-custom_color_1);--button_typography-font-family:&quot;CenturyGothic&quot;;--button_typography-font-style:normal;--button_typography-font-weight:400;--button_margin-top:10px;--button_margin-bottom:10px;\" target=\"_self\" href=\"https:\/\/scholar.google.com\/citations?user=pmB7npoAAAAJ&amp;hl=fr\"><span class=\"fusion-button-text\">Ver lista completa en Google Scholar<\/span><\/a><\/div><\/div><\/div><\/div><\/div><\/p>\n","protected":false},"excerpt":{"rendered":"","protected":false},"author":4,"featured_media":480,"parent":0,"menu_order":0,"comment_status":"closed","ping_status":"closed","template":"100-width.php","meta":{"footnotes":""},"class_list":["post-3682","page","type-page","status-publish","has-post-thumbnail","hentry"],"yoast_head":"<!-- This site is optimized with the Yoast SEO plugin v27.4 - https:\/\/yoast.com\/product\/yoast-seo-wordpress\/ -->\n<title>Publicaciones - Solkeys<\/title>\n<meta name=\"robots\" content=\"index, follow, max-snippet:-1, max-image-preview:large, max-video-preview:-1\" \/>\n<link rel=\"canonical\" href=\"https:\/\/www.solkeys.com\/es\/publications\/\" \/>\n<meta property=\"og:locale\" content=\"es_ES\" \/>\n<meta property=\"og:type\" content=\"article\" \/>\n<meta property=\"og:title\" content=\"Publicaciones - Solkeys\" \/>\n<meta property=\"og:url\" content=\"https:\/\/www.solkeys.com\/es\/publications\/\" \/>\n<meta property=\"og:site_name\" content=\"Solkeys\" \/>\n<meta property=\"article:publisher\" content=\"https:\/\/www.facebook.com\/solkeys.pv?locale=es_LA\" \/>\n<meta property=\"article:modified_time\" content=\"2025-10-21T08:39:13+00:00\" \/>\n<meta property=\"og:image\" content=\"https:\/\/www.solkeys.com\/wp-content\/uploads\/2022\/08\/banner-17.jpg\" \/>\n\t<meta property=\"og:image:width\" content=\"1920\" \/>\n\t<meta property=\"og:image:height\" content=\"1005\" \/>\n\t<meta property=\"og:image:type\" content=\"image\/jpeg\" \/>\n<meta name=\"twitter:card\" content=\"summary_large_image\" \/>\n<meta name=\"twitter:label1\" content=\"Tiempo de lectura\" \/>\n\t<meta name=\"twitter:data1\" content=\"2 minutos\" \/>\n<script type=\"application\/ld+json\" class=\"yoast-schema-graph\">{\"@context\":\"https:\\\/\\\/schema.org\",\"@graph\":[{\"@type\":\"WebPage\",\"@id\":\"https:\\\/\\\/www.solkeys.com\\\/es\\\/publications\\\/\",\"url\":\"https:\\\/\\\/www.solkeys.com\\\/es\\\/publications\\\/\",\"name\":\"Publicaciones - Solkeys\",\"isPartOf\":{\"@id\":\"https:\\\/\\\/www.solkeys.com\\\/#website\"},\"primaryImageOfPage\":{\"@id\":\"https:\\\/\\\/www.solkeys.com\\\/es\\\/publications\\\/#primaryimage\"},\"image\":{\"@id\":\"https:\\\/\\\/www.solkeys.com\\\/es\\\/publications\\\/#primaryimage\"},\"thumbnailUrl\":\"https:\\\/\\\/www.solkeys.com\\\/wp-content\\\/uploads\\\/2022\\\/08\\\/banner-17.jpg\",\"datePublished\":\"2025-06-12T13:43:55+00:00\",\"dateModified\":\"2025-10-21T08:39:13+00:00\",\"breadcrumb\":{\"@id\":\"https:\\\/\\\/www.solkeys.com\\\/es\\\/publications\\\/#breadcrumb\"},\"inLanguage\":\"es\",\"potentialAction\":[{\"@type\":\"ReadAction\",\"target\":[\"https:\\\/\\\/www.solkeys.com\\\/es\\\/publications\\\/\"]}]},{\"@type\":\"ImageObject\",\"inLanguage\":\"es\",\"@id\":\"https:\\\/\\\/www.solkeys.com\\\/es\\\/publications\\\/#primaryimage\",\"url\":\"https:\\\/\\\/www.solkeys.com\\\/wp-content\\\/uploads\\\/2022\\\/08\\\/banner-17.jpg\",\"contentUrl\":\"https:\\\/\\\/www.solkeys.com\\\/wp-content\\\/uploads\\\/2022\\\/08\\\/banner-17.jpg\",\"width\":1920,\"height\":1005,\"caption\":\"banner-17\"},{\"@type\":\"BreadcrumbList\",\"@id\":\"https:\\\/\\\/www.solkeys.com\\\/es\\\/publications\\\/#breadcrumb\",\"itemListElement\":[{\"@type\":\"ListItem\",\"position\":1,\"name\":\"Home\",\"item\":\"https:\\\/\\\/www.solkeys.com\\\/es\\\/\"},{\"@type\":\"ListItem\",\"position\":2,\"name\":\"Publicaciones\"}]},{\"@type\":\"WebSite\",\"@id\":\"https:\\\/\\\/www.solkeys.com\\\/#website\",\"url\":\"https:\\\/\\\/www.solkeys.com\\\/\",\"name\":\"Solkeys\",\"description\":\"En clave de sol hacia un futuro sostenible\",\"publisher\":{\"@id\":\"https:\\\/\\\/www.solkeys.com\\\/#organization\"},\"potentialAction\":[{\"@type\":\"SearchAction\",\"target\":{\"@type\":\"EntryPoint\",\"urlTemplate\":\"https:\\\/\\\/www.solkeys.com\\\/?s={search_term_string}\"},\"query-input\":{\"@type\":\"PropertyValueSpecification\",\"valueRequired\":true,\"valueName\":\"search_term_string\"}}],\"inLanguage\":\"es\"},{\"@type\":\"Organization\",\"@id\":\"https:\\\/\\\/www.solkeys.com\\\/#organization\",\"name\":\"Solkeys\",\"url\":\"https:\\\/\\\/www.solkeys.com\\\/\",\"logo\":{\"@type\":\"ImageObject\",\"inLanguage\":\"es\",\"@id\":\"https:\\\/\\\/www.solkeys.com\\\/#\\\/schema\\\/logo\\\/image\\\/\",\"url\":\"https:\\\/\\\/www.solkeys.com\\\/wp-content\\\/uploads\\\/2023\\\/06\\\/solkeys.logo_.png\",\"contentUrl\":\"https:\\\/\\\/www.solkeys.com\\\/wp-content\\\/uploads\\\/2023\\\/06\\\/solkeys.logo_.png\",\"width\":650,\"height\":186,\"caption\":\"Solkeys\"},\"image\":{\"@id\":\"https:\\\/\\\/www.solkeys.com\\\/#\\\/schema\\\/logo\\\/image\\\/\"},\"sameAs\":[\"https:\\\/\\\/www.facebook.com\\\/solkeys.pv?locale=es_LA\",\"https:\\\/\\\/www.linkedin.com\\\/company\\\/solkeys\\\/\"]}]}<\/script>\n<!-- \/ Yoast SEO plugin. -->","yoast_head_json":{"title":"Publicaciones - Solkeys","robots":{"index":"index","follow":"follow","max-snippet":"max-snippet:-1","max-image-preview":"max-image-preview:large","max-video-preview":"max-video-preview:-1"},"canonical":"https:\/\/www.solkeys.com\/es\/publications\/","og_locale":"es_ES","og_type":"article","og_title":"Publicaciones - Solkeys","og_url":"https:\/\/www.solkeys.com\/es\/publications\/","og_site_name":"Solkeys","article_publisher":"https:\/\/www.facebook.com\/solkeys.pv?locale=es_LA","article_modified_time":"2025-10-21T08:39:13+00:00","og_image":[{"width":1920,"height":1005,"url":"https:\/\/www.solkeys.com\/wp-content\/uploads\/2022\/08\/banner-17.jpg","type":"image\/jpeg"}],"twitter_card":"summary_large_image","twitter_misc":{"Tiempo de lectura":"2 minutos"},"schema":{"@context":"https:\/\/schema.org","@graph":[{"@type":"WebPage","@id":"https:\/\/www.solkeys.com\/es\/publications\/","url":"https:\/\/www.solkeys.com\/es\/publications\/","name":"Publicaciones - Solkeys","isPartOf":{"@id":"https:\/\/www.solkeys.com\/#website"},"primaryImageOfPage":{"@id":"https:\/\/www.solkeys.com\/es\/publications\/#primaryimage"},"image":{"@id":"https:\/\/www.solkeys.com\/es\/publications\/#primaryimage"},"thumbnailUrl":"https:\/\/www.solkeys.com\/wp-content\/uploads\/2022\/08\/banner-17.jpg","datePublished":"2025-06-12T13:43:55+00:00","dateModified":"2025-10-21T08:39:13+00:00","breadcrumb":{"@id":"https:\/\/www.solkeys.com\/es\/publications\/#breadcrumb"},"inLanguage":"es","potentialAction":[{"@type":"ReadAction","target":["https:\/\/www.solkeys.com\/es\/publications\/"]}]},{"@type":"ImageObject","inLanguage":"es","@id":"https:\/\/www.solkeys.com\/es\/publications\/#primaryimage","url":"https:\/\/www.solkeys.com\/wp-content\/uploads\/2022\/08\/banner-17.jpg","contentUrl":"https:\/\/www.solkeys.com\/wp-content\/uploads\/2022\/08\/banner-17.jpg","width":1920,"height":1005,"caption":"banner-17"},{"@type":"BreadcrumbList","@id":"https:\/\/www.solkeys.com\/es\/publications\/#breadcrumb","itemListElement":[{"@type":"ListItem","position":1,"name":"Home","item":"https:\/\/www.solkeys.com\/es\/"},{"@type":"ListItem","position":2,"name":"Publicaciones"}]},{"@type":"WebSite","@id":"https:\/\/www.solkeys.com\/#website","url":"https:\/\/www.solkeys.com\/","name":"Solkeys","description":"En clave de sol hacia un futuro sostenible","publisher":{"@id":"https:\/\/www.solkeys.com\/#organization"},"potentialAction":[{"@type":"SearchAction","target":{"@type":"EntryPoint","urlTemplate":"https:\/\/www.solkeys.com\/?s={search_term_string}"},"query-input":{"@type":"PropertyValueSpecification","valueRequired":true,"valueName":"search_term_string"}}],"inLanguage":"es"},{"@type":"Organization","@id":"https:\/\/www.solkeys.com\/#organization","name":"Solkeys","url":"https:\/\/www.solkeys.com\/","logo":{"@type":"ImageObject","inLanguage":"es","@id":"https:\/\/www.solkeys.com\/#\/schema\/logo\/image\/","url":"https:\/\/www.solkeys.com\/wp-content\/uploads\/2023\/06\/solkeys.logo_.png","contentUrl":"https:\/\/www.solkeys.com\/wp-content\/uploads\/2023\/06\/solkeys.logo_.png","width":650,"height":186,"caption":"Solkeys"},"image":{"@id":"https:\/\/www.solkeys.com\/#\/schema\/logo\/image\/"},"sameAs":["https:\/\/www.facebook.com\/solkeys.pv?locale=es_LA","https:\/\/www.linkedin.com\/company\/solkeys\/"]}]}},"_links":{"self":[{"href":"https:\/\/www.solkeys.com\/es\/wp-json\/wp\/v2\/pages\/3682","targetHints":{"allow":["GET"]}}],"collection":[{"href":"https:\/\/www.solkeys.com\/es\/wp-json\/wp\/v2\/pages"}],"about":[{"href":"https:\/\/www.solkeys.com\/es\/wp-json\/wp\/v2\/types\/page"}],"author":[{"embeddable":true,"href":"https:\/\/www.solkeys.com\/es\/wp-json\/wp\/v2\/users\/4"}],"replies":[{"embeddable":true,"href":"https:\/\/www.solkeys.com\/es\/wp-json\/wp\/v2\/comments?post=3682"}],"version-history":[{"count":4,"href":"https:\/\/www.solkeys.com\/es\/wp-json\/wp\/v2\/pages\/3682\/revisions"}],"predecessor-version":[{"id":3788,"href":"https:\/\/www.solkeys.com\/es\/wp-json\/wp\/v2\/pages\/3682\/revisions\/3788"}],"wp:featuredmedia":[{"embeddable":true,"href":"https:\/\/www.solkeys.com\/es\/wp-json\/wp\/v2\/media\/480"}],"wp:attachment":[{"href":"https:\/\/www.solkeys.com\/es\/wp-json\/wp\/v2\/media?parent=3682"}],"curies":[{"name":"wp","href":"https:\/\/api.w.org\/{rel}","templated":true}]}}