{"id":3505,"date":"2023-07-28T10:45:22","date_gmt":"2023-07-28T10:45:22","guid":{"rendered":"https:\/\/www.solkeys.com\/?page_id=3505"},"modified":"2023-07-31T06:29:44","modified_gmt":"2023-07-31T06:29:44","slug":"politica-cookies","status":"publish","type":"page","link":"https:\/\/www.solkeys.com\/es\/politica-cookies\/","title":{"rendered":"Pol\u00edtica de Cookies"},"content":{"rendered":"<div class=\"fusion-fullwidth fullwidth-box fusion-builder-row-1 fusion-flex-container has-pattern-background has-mask-background nonhundred-percent-fullwidth non-hundred-percent-height-scrolling\" style=\"--awb-border-radius-top-left:0px;--awb-border-radius-top-right:0px;--awb-border-radius-bottom-right:0px;--awb-border-radius-bottom-left:0px;--awb-flex-wrap:wrap;\" ><div class=\"fusion-builder-row fusion-row fusion-flex-align-items-flex-start fusion-flex-content-wrap\" style=\"max-width:1248px;margin-left: calc(-4% \/ 2 );margin-right: calc(-4% \/ 2 );\"><div class=\"fusion-layout-column fusion_builder_column fusion-builder-column-0 fusion_builder_column_1_1 1_1 fusion-flex-column\" style=\"--awb-bg-size:cover;--awb-width-large:100%;--awb-margin-top-large:0px;--awb-spacing-right-large:1.92%;--awb-margin-bottom-large:20px;--awb-spacing-left-large:1.92%;--awb-width-medium:100%;--awb-order-medium:0;--awb-spacing-right-medium:1.92%;--awb-spacing-left-medium:1.92%;--awb-width-small:100%;--awb-order-small:0;--awb-spacing-right-small:1.92%;--awb-spacing-left-small:1.92%;\"><div class=\"fusion-column-wrapper fusion-column-has-shadow fusion-flex-justify-content-flex-start fusion-content-layout-column\"><div class=\"fusion-text fusion-text-1\" style=\"--awb-text-font-family:&quot;CenturyGothic&quot;;--awb-text-font-style:normal;--awb-text-font-weight:400;\"><h1 style=\"font-size: 3.2rem;\">Informaci\u00f3n del uso de cookies<\/h1>\n<h2>\u00bfQu\u00e9 son las cookies?<\/h2>\n<p>Las cookies son peque\u00f1os archivos de datos que se reciben en el terminal desde el sitio Web visitado y se usan para registrar ciertas interacciones de la navegaci\u00f3n en un sitio Web almacenando datos que podr\u00e1n ser actualizados y recuperados. Estos archivos se almacenan en el ordenador del usuario y contiene datos an\u00f3nimos que no son perjudiciales para su equipo. Se utilizan para recordar las preferencias del usuario, como el idioma seleccionado, datos de acceso o personalizaci\u00f3n de la p\u00e1gina.<\/p>\n<p>Las Cookies tambi\u00e9n pueden ser utilizadas para registrar informaci\u00f3n an\u00f3nima acerca de c\u00f3mo un visitante utiliza un sitio. Por ejemplo, desde qu\u00e9 p\u00e1gina Web ha accedido, o si ha utilizado un \u00abbanner\u00bb publicitario para llegar.<\/p>\n<h2>Tipos de cookies<\/h2>\n<h3>Seg\u00fan su finalidad:<\/h3>\n<ul>\n<li><strong>Cookies t\u00e9cnicas: <\/strong>Las cookies t\u00e9cnicas son aquellas facilitan la navegaci\u00f3n del usuario y la utilizaci\u00f3n de las diferentes opciones o servicios que ofrece la web como identificar la sesi\u00f3n, permitir el acceso a determinadas \u00e1reas, facilitar pedidos, compras, cumplimentaci\u00f3n de formularios, inscripciones, seguridad, facilitar funcionalidades (videos, redes sociales\u2026).<\/li>\n<li><strong>Cookies de personalizaci\u00f3n: <\/strong>Las cookies de personalizaci\u00f3n permiten al usuario acceder a los servicios seg\u00fan sus preferencias (idioma, navegador, configuraci\u00f3n\u2026).<\/li>\n<li><strong>Cookies anal\u00edticas: <\/strong>Las cookies de an\u00e1lisis son las utilizadas para llevar a cabo el an\u00e1lisis an\u00f3nimo del comportamiento de los usuarios de la web y que permiten medir la actividad del usuario y elaborar perfiles de navegaci\u00f3n con el fin objetivo de mejorar los sitios web.<\/li>\n<li><strong>Cookies publicitarias: <\/strong>Las cookies publicitarias permiten la gesti\u00f3n de los espacios publicitarios de la web. Adem\u00e1s, estas cookies pueden ser de publicidad personalizada y permitir as\u00ed la gesti\u00f3n de los espacios publicitarios de la web en base al comportamiento y h\u00e1bitos de navegaci\u00f3n de usuario, de donde se obtiene su perfil y permiten personalizar la publicidad que se muestra en el navegador del usuario u otros perfiles y redes sociales del usuario.<\/li>\n<\/ul>\n<h3>Seg\u00fan su plazo:<\/h3>\n<ul>\n<li><strong>Cookies de sesi\u00f3n: <\/strong>Las cookies de sesi\u00f3n son aquellas que duran el tiempo que el usuario est\u00e1 navegando por la p\u00e1gina Web y se borran al cerrar el navegador.<\/li>\n<li><strong>Cookies persistentes: <\/strong>Estas cookies quedan almacenadas en el terminal del usuario hasta que son eliminadas manualmente o haya concluido el periodo de duraci\u00f3n establecido para dicha cookie.<\/li>\n<\/ul>\n<h3>Seg\u00fan su titularidad:<\/h3>\n<ul>\n<li><strong>Cookies propias: <\/strong>Aqu\u00e9llas que se env\u00edan al equipo terminal del usuario desde un equipo o dominio gestionado por el propio editor y desde el que se presta el servicio solicitado por el usuario.<\/li>\n<li><strong>Cookies de terceros: <\/strong>Aqu\u00e9llas que se env\u00edan al equipo terminal del usuario desde un equipo o dominio que no es gestionado por el editor, sino por otra entidad que trata los datos obtenidos trav\u00e9s de las cookies.<\/li>\n<\/ul>\n<h2>Declaraci\u00f3n de cookies<\/h2>\n<p>SOLKEYS utiliza cookies para facilitarle la navegaci\u00f3n. En concreto, la siguiente tabla recoge la clasificaci\u00f3n y descripci\u00f3n de las cookies utilizadas en la presente p\u00e1gina web para que pueda identificarlas en su navegador:<\/p>\n<p><strong>Nombre: wp-wpml_current_language<\/strong><\/p>\n<p><strong>Titular: Cookie propia<\/strong><\/p>\n<p><strong>Datos recabados: Almacena el idioma actual<\/strong><\/p>\n<p><strong>Finalidad: T\u00e9cnica<\/strong><\/p>\n<p><strong>Duraci\u00f3n: Sesi\u00f3n<\/strong><\/p>\n<h2>Activaci\u00f3n o desactivaci\u00f3n de cookies<\/h2>\n<p>Le informamos que puede activar o desactivar las cookies siguiendo las instrucciones de su navegador de Internet:<\/p>\n<ul>\n<li><strong>Chrome: <\/strong>Configuraci\u00f3n &#8211; Mostrar opciones avanzadas &#8211; Privacidad &#8211; Configuraci\u00f3n de contenido &#8211; support.google.com<\/li>\n<li><strong>Firefox: <\/strong>Herramientas &#8211; Opciones &#8211; Privacidad &#8211; Historial &#8211; Configuraci\u00f3n Personalizada &#8211; support.mozilla.org<\/li>\n<li><strong>Internet Explorer: <\/strong>Herramientas &#8211; Opciones de Internet &#8211; Privacidad \u2013 Configuraci\u00f3n &#8211; windows.microsoft.com<\/li>\n<li><strong>Opera: <\/strong>Herramientas &#8211; Preferencias &#8211; Editar preferencias \u2013 Cookies &#8211; www.opera.com\/help\/tutorials\/security\/cookies\/<\/li>\n<li><strong>Safari: <\/strong>Preferencias \u2013 Seguridad &#8211; www.apple.com<\/li>\n<li><strong>Edge: <\/strong>Configuraci\u00f3n &#8211; Ver configuraci\u00f3n avanzada &#8211; Privacidad y servicios \u2013 Cookies &#8211; privacy.microsoft.com\/es-es\/windows-10-microsoft-edge-and-privacy<\/li>\n<\/ul>\n<h2><\/h2>\n<h2><\/h2>\n<p>.<\/p>\n<\/div><\/div><\/div><\/div><\/div>\n","protected":false},"excerpt":{"rendered":"","protected":false},"author":1,"featured_media":0,"parent":0,"menu_order":0,"comment_status":"closed","ping_status":"closed","template":"","meta":{"footnotes":""},"class_list":["post-3505","page","type-page","status-publish","hentry"],"yoast_head":"<!-- This site is optimized with the Yoast SEO plugin v27.4 - https:\/\/yoast.com\/product\/yoast-seo-wordpress\/ -->\n<title>Pol\u00edtica de Cookies - Solkeys<\/title>\n<meta name=\"robots\" content=\"index, follow, max-snippet:-1, max-image-preview:large, max-video-preview:-1\" \/>\n<link rel=\"canonical\" href=\"https:\/\/www.solkeys.com\/es\/politica-cookies\/\" \/>\n<meta property=\"og:locale\" content=\"es_ES\" \/>\n<meta property=\"og:type\" content=\"article\" \/>\n<meta property=\"og:title\" content=\"Pol\u00edtica de Cookies - Solkeys\" \/>\n<meta property=\"og:url\" content=\"https:\/\/www.solkeys.com\/es\/politica-cookies\/\" \/>\n<meta property=\"og:site_name\" content=\"Solkeys\" \/>\n<meta property=\"article:publisher\" content=\"https:\/\/www.facebook.com\/solkeys.pv?locale=es_LA\" \/>\n<meta property=\"article:modified_time\" content=\"2023-07-31T06:29:44+00:00\" \/>\n<meta property=\"og:image\" content=\"https:\/\/www.solkeys.com\/wp-content\/uploads\/2023\/06\/solkeys.logo_.vectorial_page-0001.jpg\" \/>\n\t<meta property=\"og:image:width\" content=\"2000\" \/>\n\t<meta property=\"og:image:height\" content=\"1125\" \/>\n\t<meta property=\"og:image:type\" content=\"image\/jpeg\" \/>\n<meta name=\"twitter:card\" content=\"summary_large_image\" \/>\n<meta name=\"twitter:label1\" content=\"Tiempo de lectura\" \/>\n\t<meta name=\"twitter:data1\" content=\"6 minutos\" \/>\n<script type=\"application\/ld+json\" class=\"yoast-schema-graph\">{\"@context\":\"https:\\\/\\\/schema.org\",\"@graph\":[{\"@type\":\"WebPage\",\"@id\":\"https:\\\/\\\/www.solkeys.com\\\/es\\\/politica-cookies\\\/\",\"url\":\"https:\\\/\\\/www.solkeys.com\\\/es\\\/politica-cookies\\\/\",\"name\":\"Pol\u00edtica de Cookies - Solkeys\",\"isPartOf\":{\"@id\":\"https:\\\/\\\/www.solkeys.com\\\/#website\"},\"datePublished\":\"2023-07-28T10:45:22+00:00\",\"dateModified\":\"2023-07-31T06:29:44+00:00\",\"breadcrumb\":{\"@id\":\"https:\\\/\\\/www.solkeys.com\\\/es\\\/politica-cookies\\\/#breadcrumb\"},\"inLanguage\":\"es\",\"potentialAction\":[{\"@type\":\"ReadAction\",\"target\":[\"https:\\\/\\\/www.solkeys.com\\\/es\\\/politica-cookies\\\/\"]}]},{\"@type\":\"BreadcrumbList\",\"@id\":\"https:\\\/\\\/www.solkeys.com\\\/es\\\/politica-cookies\\\/#breadcrumb\",\"itemListElement\":[{\"@type\":\"ListItem\",\"position\":1,\"name\":\"Home\",\"item\":\"https:\\\/\\\/www.solkeys.com\\\/es\\\/\"},{\"@type\":\"ListItem\",\"position\":2,\"name\":\"Pol\u00edtica de Cookies\"}]},{\"@type\":\"WebSite\",\"@id\":\"https:\\\/\\\/www.solkeys.com\\\/#website\",\"url\":\"https:\\\/\\\/www.solkeys.com\\\/\",\"name\":\"Solkeys\",\"description\":\"En clave de sol hacia un futuro sostenible\",\"publisher\":{\"@id\":\"https:\\\/\\\/www.solkeys.com\\\/#organization\"},\"potentialAction\":[{\"@type\":\"SearchAction\",\"target\":{\"@type\":\"EntryPoint\",\"urlTemplate\":\"https:\\\/\\\/www.solkeys.com\\\/?s={search_term_string}\"},\"query-input\":{\"@type\":\"PropertyValueSpecification\",\"valueRequired\":true,\"valueName\":\"search_term_string\"}}],\"inLanguage\":\"es\"},{\"@type\":\"Organization\",\"@id\":\"https:\\\/\\\/www.solkeys.com\\\/#organization\",\"name\":\"Solkeys\",\"url\":\"https:\\\/\\\/www.solkeys.com\\\/\",\"logo\":{\"@type\":\"ImageObject\",\"inLanguage\":\"es\",\"@id\":\"https:\\\/\\\/www.solkeys.com\\\/#\\\/schema\\\/logo\\\/image\\\/\",\"url\":\"https:\\\/\\\/www.solkeys.com\\\/wp-content\\\/uploads\\\/2023\\\/06\\\/solkeys.logo_.png\",\"contentUrl\":\"https:\\\/\\\/www.solkeys.com\\\/wp-content\\\/uploads\\\/2023\\\/06\\\/solkeys.logo_.png\",\"width\":650,\"height\":186,\"caption\":\"Solkeys\"},\"image\":{\"@id\":\"https:\\\/\\\/www.solkeys.com\\\/#\\\/schema\\\/logo\\\/image\\\/\"},\"sameAs\":[\"https:\\\/\\\/www.facebook.com\\\/solkeys.pv?locale=es_LA\",\"https:\\\/\\\/www.linkedin.com\\\/company\\\/solkeys\\\/\"]}]}<\/script>\n<!-- \/ Yoast SEO plugin. -->","yoast_head_json":{"title":"Pol\u00edtica de Cookies - Solkeys","robots":{"index":"index","follow":"follow","max-snippet":"max-snippet:-1","max-image-preview":"max-image-preview:large","max-video-preview":"max-video-preview:-1"},"canonical":"https:\/\/www.solkeys.com\/es\/politica-cookies\/","og_locale":"es_ES","og_type":"article","og_title":"Pol\u00edtica de Cookies - Solkeys","og_url":"https:\/\/www.solkeys.com\/es\/politica-cookies\/","og_site_name":"Solkeys","article_publisher":"https:\/\/www.facebook.com\/solkeys.pv?locale=es_LA","article_modified_time":"2023-07-31T06:29:44+00:00","og_image":[{"width":2000,"height":1125,"url":"https:\/\/www.solkeys.com\/wp-content\/uploads\/2023\/06\/solkeys.logo_.vectorial_page-0001.jpg","type":"image\/jpeg"}],"twitter_card":"summary_large_image","twitter_misc":{"Tiempo de lectura":"6 minutos"},"schema":{"@context":"https:\/\/schema.org","@graph":[{"@type":"WebPage","@id":"https:\/\/www.solkeys.com\/es\/politica-cookies\/","url":"https:\/\/www.solkeys.com\/es\/politica-cookies\/","name":"Pol\u00edtica de Cookies - Solkeys","isPartOf":{"@id":"https:\/\/www.solkeys.com\/#website"},"datePublished":"2023-07-28T10:45:22+00:00","dateModified":"2023-07-31T06:29:44+00:00","breadcrumb":{"@id":"https:\/\/www.solkeys.com\/es\/politica-cookies\/#breadcrumb"},"inLanguage":"es","potentialAction":[{"@type":"ReadAction","target":["https:\/\/www.solkeys.com\/es\/politica-cookies\/"]}]},{"@type":"BreadcrumbList","@id":"https:\/\/www.solkeys.com\/es\/politica-cookies\/#breadcrumb","itemListElement":[{"@type":"ListItem","position":1,"name":"Home","item":"https:\/\/www.solkeys.com\/es\/"},{"@type":"ListItem","position":2,"name":"Pol\u00edtica de Cookies"}]},{"@type":"WebSite","@id":"https:\/\/www.solkeys.com\/#website","url":"https:\/\/www.solkeys.com\/","name":"Solkeys","description":"En clave de sol hacia un futuro sostenible","publisher":{"@id":"https:\/\/www.solkeys.com\/#organization"},"potentialAction":[{"@type":"SearchAction","target":{"@type":"EntryPoint","urlTemplate":"https:\/\/www.solkeys.com\/?s={search_term_string}"},"query-input":{"@type":"PropertyValueSpecification","valueRequired":true,"valueName":"search_term_string"}}],"inLanguage":"es"},{"@type":"Organization","@id":"https:\/\/www.solkeys.com\/#organization","name":"Solkeys","url":"https:\/\/www.solkeys.com\/","logo":{"@type":"ImageObject","inLanguage":"es","@id":"https:\/\/www.solkeys.com\/#\/schema\/logo\/image\/","url":"https:\/\/www.solkeys.com\/wp-content\/uploads\/2023\/06\/solkeys.logo_.png","contentUrl":"https:\/\/www.solkeys.com\/wp-content\/uploads\/2023\/06\/solkeys.logo_.png","width":650,"height":186,"caption":"Solkeys"},"image":{"@id":"https:\/\/www.solkeys.com\/#\/schema\/logo\/image\/"},"sameAs":["https:\/\/www.facebook.com\/solkeys.pv?locale=es_LA","https:\/\/www.linkedin.com\/company\/solkeys\/"]}]}},"_links":{"self":[{"href":"https:\/\/www.solkeys.com\/es\/wp-json\/wp\/v2\/pages\/3505","targetHints":{"allow":["GET"]}}],"collection":[{"href":"https:\/\/www.solkeys.com\/es\/wp-json\/wp\/v2\/pages"}],"about":[{"href":"https:\/\/www.solkeys.com\/es\/wp-json\/wp\/v2\/types\/page"}],"author":[{"embeddable":true,"href":"https:\/\/www.solkeys.com\/es\/wp-json\/wp\/v2\/users\/1"}],"replies":[{"embeddable":true,"href":"https:\/\/www.solkeys.com\/es\/wp-json\/wp\/v2\/comments?post=3505"}],"version-history":[{"count":8,"href":"https:\/\/www.solkeys.com\/es\/wp-json\/wp\/v2\/pages\/3505\/revisions"}],"predecessor-version":[{"id":3528,"href":"https:\/\/www.solkeys.com\/es\/wp-json\/wp\/v2\/pages\/3505\/revisions\/3528"}],"wp:attachment":[{"href":"https:\/\/www.solkeys.com\/es\/wp-json\/wp\/v2\/media?parent=3505"}],"curies":[{"name":"wp","href":"https:\/\/api.w.org\/{rel}","templated":true}]}}