{"id":3,"date":"2023-06-08T14:08:34","date_gmt":"2023-06-08T14:08:34","guid":{"rendered":"https:\/\/www.solkeys.com\/?page_id=3"},"modified":"2025-11-07T08:29:28","modified_gmt":"2025-11-07T08:29:28","slug":"aviso-legal","status":"publish","type":"page","link":"https:\/\/www.solkeys.com\/es\/aviso-legal\/","title":{"rendered":"Aviso Legal"},"content":{"rendered":"<div class=\"fusion-fullwidth fullwidth-box fusion-builder-row-1 fusion-flex-container has-pattern-background has-mask-background nonhundred-percent-fullwidth non-hundred-percent-height-scrolling\" style=\"--awb-border-radius-top-left:0px;--awb-border-radius-top-right:0px;--awb-border-radius-bottom-right:0px;--awb-border-radius-bottom-left:0px;--awb-flex-wrap:wrap;\" ><div class=\"fusion-builder-row fusion-row fusion-flex-align-items-flex-start fusion-flex-content-wrap\" style=\"max-width:1248px;margin-left: calc(-4% \/ 2 );margin-right: calc(-4% \/ 2 );\"><div class=\"fusion-layout-column fusion_builder_column fusion-builder-column-0 fusion_builder_column_1_1 1_1 fusion-flex-column\" style=\"--awb-bg-size:cover;--awb-width-large:100%;--awb-margin-top-large:0px;--awb-spacing-right-large:1.92%;--awb-margin-bottom-large:20px;--awb-spacing-left-large:1.92%;--awb-width-medium:100%;--awb-order-medium:0;--awb-spacing-right-medium:1.92%;--awb-spacing-left-medium:1.92%;--awb-width-small:100%;--awb-order-small:0;--awb-spacing-right-small:1.92%;--awb-spacing-left-small:1.92%;\"><div class=\"fusion-column-wrapper fusion-column-has-shadow fusion-flex-justify-content-flex-start fusion-content-layout-column\"><div class=\"fusion-text fusion-text-1\" style=\"--awb-text-font-family:&quot;CenturyGothic&quot;;--awb-text-font-style:normal;--awb-text-font-weight:400;\"><h2>Objeto y datos identificativos<\/h2>\n<p>Este Aviso Legal regula la utilizaci\u00f3n por parte de los usuarios de las p\u00e1ginas web contenidas en el sitio de Internet <a href=\"http:\/\/www.solkeys.com\">www.solkeys.com<\/a> (en adelante, el \u201cSitio Web\u201d), titularidad de Paula S\u00e1nchez-Friera, con nombre comercial SOLKEYS, con correo electr\u00f3nico de contacto <a href=\"mailto:info@solkeys.com\">info@solkeys.com<\/a>, en conformidad con las obligaciones dispuestas en la Ley 34\/2002, de 11 de julio, de Servicios de la Sociedad de la Informaci\u00f3n y del Comercio Electr\u00f3nico (LSSICE).<\/p>\n<p>La navegaci\u00f3n por el Sitio Web le atribuye la condici\u00f3n de USUARIO e implica la aceptaci\u00f3n plena y sin reservas de las Condiciones Generales de Uso del presente Aviso Legal, as\u00ed como de cualquier otra disposici\u00f3n legal que fuera de aplicaci\u00f3n.<\/p>\n<p>SOLKEYS se reserva el derecho de modificar cualquier tipo de informaci\u00f3n que pudiera aparecer en el sitio web, sin que exista obligaci\u00f3n de preavisar o poner en conocimiento de los usuarios dichas obligaciones, entendi\u00e9ndose como suficiente con la publicaci\u00f3n en el sitio web.<\/p>\n<h2>Condiciones Generales de Uso<\/h2>\n<h3>Privacidad y tratamiento de datos<\/h3>\n<p>Cuando para el acceso a determinados contenidos o servicio sea necesario facilitar datos de car\u00e1cter personal, los Usuarios garantizar\u00e1n su veracidad, exactitud, autenticidad y vigencia. La empresa dar\u00e1 a dichos datos el tratamiento automatizado que corresponda en funci\u00f3n de su naturaleza o finalidad, en los t\u00e9rminos indicados en la secci\u00f3n de Pol\u00edtica de Privacidad.<\/p>\n<h3>Propiedad industrial e intelectual<\/h3>\n<p>El Usuario reconoce y acepta que todos los contenidos que se muestran en el Sitio Web y en especial, dise\u00f1os, textos, im\u00e1genes, logos, iconos, botones, software, nombres comerciales, marcas, o cualesquiera otros signos susceptibles de utilizaci\u00f3n industrial y\/o comercial est\u00e1n sujetos a derechos de Propiedad Intelectual y son propiedad de la empresa y\/o de terceros, quienes tienen el derecho de utilizarlos con fines comerciales. Por ello, el Usuario se compromete a no reproducir, copiar, distribuir, poner a disposici\u00f3n o de cualquier otra forma comunicar p\u00fablicamente, transformar o modificar tales contenidos manteniendo indemne a la empresa de cualquier reclamaci\u00f3n que se derive del incumplimiento de tales obligaciones.<\/p>\n<p>En ning\u00fan caso el acceso al Sitio Web implica ning\u00fan tipo de renuncia, transmisi\u00f3n, licencia o cesi\u00f3n total ni parcial de dichos derechos, salvo que se establezca expresamente lo contrario. Las presentes Condiciones Generales de Uso del Sitio Web no confieren a los Usuarios ning\u00fan otro derecho de utilizaci\u00f3n, alteraci\u00f3n, explotaci\u00f3n, reproducci\u00f3n, distribuci\u00f3n o comunicaci\u00f3n p\u00fablica del Sitio Web y\/o de sus Contenidos distintos de los aqu\u00ed expresamente previstos. Cualquier otro uso o explotaci\u00f3n de cualesquiera derechos estar\u00e1 sujeto a la previa y expresa autorizaci\u00f3n espec\u00edficamente otorgada a tal efecto por la empresa o el tercero titular de los derechos afectados.<\/p>\n<h2><strong>Obligaciones y responsabilidades del usuario del espacio web<\/strong><\/h2>\n<p>El Usuario se compromete a:<\/p>\n<ol>\n<li>Utilizar el Sitio Web de forma diligente y l\u00edcita, de conformidad al presente Aviso Legal y actuando en todo momento de buena fe.<\/li>\n<li>Utilizar los contenidos facilitado por SOLKEYS o por terceros en su Sitio Web bajo su \u00fanica y exclusiva responsabilidad.<\/li>\n<\/ol>\n<p>El Usuario deber\u00e1 asimismo abstenerse de:<\/p>\n<ol>\n<li>Llevar a cabo la reproducci\u00f3n, transformaci\u00f3n o distribuci\u00f3n de los contenidos del sitio web, salvo que cuente con autorizaci\u00f3n expresa de SOLKEYS.<\/li>\n<\/ol>\n<h3><strong>Responsabilidades<\/strong><\/h3>\n<p>No se garantiza el acceso continuado, ni la correcta visualizaci\u00f3n, descarga o utilidad de los elementos e informaciones contenidas en la web que puedan verse impedidos, dificultados o interrumpidos por factores o circunstancias que est\u00e1n fuera de su control. No se hace responsable de las decisiones que pudieran adoptarse como consecuencia del acceso a los contenidos o informaciones ofrecidas.<\/p>\n<p>Se podr\u00e1 interrumpir el servicio, o resolver de modo inmediato la relaci\u00f3n con el Usuario, si se detecta que un uso de su Sitio Web, o de cualquiera de los servicios ofertados en el mismo, es contrario a las presentes Condiciones Generales de Uso. No nos hacemos responsables por da\u00f1os, perjuicios, p\u00e9rdidas, reclamaciones o gastos derivados del uso del Sitio Web.<\/p>\n<p>La empresa excluye cualquier responsabilidad por los da\u00f1os y perjuicios que se deriven de reclamaciones, acciones o demandas de terceros como consecuencia de su acceso o uso del Sitio Web. Asimismo Solkeys queda exonerado de cualquier responsabilidad por el contenido e informaciones que puedan ser recibidas como consecuencia de los formularios de recogida de datos, estando los mismos \u00fanicamente para la prestaci\u00f3n de los servicios de consultas y dudas. Por otro lado, en caso de causar da\u00f1os y perjuicios por un uso il\u00edcito o incorrecto de dichos servicios, podr\u00e1 ser el Usuario reclamado por los da\u00f1os o perjuicios causados.<\/p>\n<h3><strong>Hiperv\u00ednculos<\/strong><\/h3>\n<p>El Usuario se obliga a no reproducir de ning\u00fan modo, ni siquiera mediante un hiperenlace o hiperv\u00ednculo, el Sitio Web, as\u00ed como ninguno de sus contenidos, salvo autorizaci\u00f3n expresa y por escrito del responsable del fichero.<\/p>\n<p>El Sitio Web puede incluir enlaces a otros espacios web, gestionados por terceros, con objeto de facilitar el acceso del Usuario a la informaci\u00f3n de empresas colaboradoras y\/o patrocinadoras. Conforme con ello, la sociedad no se responsabiliza del contenido de dichos espacios web, ni se sit\u00faa en una posici\u00f3n de garante o de parte ofertante de los servicios y\/o informaci\u00f3n que se puedan ofrecer en dichos espacios.<\/p>\n<h2><strong>Protecci\u00f3n de datos<\/strong><\/h2>\n<p>Para utilizar algunos de los Servicios, puede ser necesario que el Usuario proporcione previamente ciertos datos de car\u00e1cter personal. La empresa tratar\u00e1 estos datos y aplicar\u00e1 las correspondientes medidas de seguridad, todo ello en cumplimiento del RGPD, LOPDGDD y LSSI. El Usuario puede acceder a la pol\u00edtica seguida en el tratamiento de los datos personales en la Pol\u00edtica de Privacidad.<\/p>\n<h3><strong>Cookies<\/strong><\/h3>\n<p>La empresa se reserva el derecho de utilizar la tecnolog\u00eda \u201ccookie\u201d en el Sitio Web, a fin de reconocerlo como Usuario frecuente y personalizar el uso que realice del Sitio Web mediante la preselecci\u00f3n de su idioma, o contenidos m\u00e1s deseados o espec\u00edficos.<br \/>\nLas cookies recopilan la direcci\u00f3n IP del usuario siendo Google el responsable del tratamiento de esta informaci\u00f3n.<\/p>\n<p>Las cookies son ficheros enviados a un navegador, por medio de un servidor Web, para registrar la navegaci\u00f3n del Usuario en el Sitio Web, cuando el Usuario permita su recepci\u00f3n. Si usted lo desea puede configurar su navegador para ser avisado en pantalla de la recepci\u00f3n de cookies y para impedir la instalaci\u00f3n de cookies en su disco duro. Por favor, consulte las instrucciones y manuales de su navegador para ampliar esta informaci\u00f3n.<\/p>\n<p>Gracias a las cookies, resulta posible que se pueda reconocer el navegador utilizado por el Usuario con la finalidad de facilitar contenidos y ofrecer las preferencias de navegaci\u00f3n u publicitarias seleccionadas por el Usuario, as\u00ed como acceder a los perfiles demogr\u00e1ficos de los Usuarios y medir las visitas y par\u00e1metros del tr\u00e1fico.<\/p>\n<h3><strong>Declaraciones y garant\u00edas<\/strong><\/h3>\n<p>En general, los contenidos y servicios ofrecidos en el Sitio Web tienen car\u00e1cter meramente informativo. Por consiguiente, al ofrecerlos, no se otorga garant\u00eda ni declaraci\u00f3n alguna en relaci\u00f3n con los contenidos y servicios ofrecidos en el Sitio Web, incluyendo, a t\u00edtulo enunciativo, garant\u00edas de licitud, fiabilidad, utilidad, veracidad, exactitud, o comerciabilidad, salvo en la medida en que por ley no puedan excluirse tales declaraciones y garant\u00edas.<\/p>\n<h3><strong>Fuerza mayor<\/strong><\/h3>\n<p>La empresa no ser\u00e1 responsable en todo en caso de imposibilidad de prestar servicio, si esta se debe a interrupciones prolongadas del suministro el\u00e9ctrico, l\u00edneas de telecomunicaciones, conflictos sociales, huelgas, rebeli\u00f3n, explosiones, inundaciones, actos y omisiones del Gobierno, y en general todos los supuestos de fuerza mayor o de caso fortuito.<\/p>\n<h3><strong>Resoluci\u00f3n de controversias. Ley aplicable y jurisdicci\u00f3n<\/strong><\/h3>\n<p>Las presentes Condiciones Generales de Uso, as\u00ed como el uso del Sitio Web, se regir\u00e1n por la legislaci\u00f3n espa\u00f1ola. Para la resoluci\u00f3n de cualquier controversia las partes se someter\u00e1n a los Juzgados y Tribunales de Gij\u00f3n, Asturias.<\/p>\n<p>En el supuesto de que cualquier estipulaci\u00f3n de las presentes Condiciones Generales de Uso resultara inexigible o nula en virtud de la legislaci\u00f3n aplicable o como consecuencia de una resoluci\u00f3n judicial o administrativa, dicha inexigibilidad o nulidad no har\u00e1 que las presentes Condiciones Generales de Uso resulten inexigibles o nulas en su conjunto. En dichos casos, la empresa proceder\u00e1 a la modificaci\u00f3n o sustituci\u00f3n de dicha estipulaci\u00f3n por otra que sea v\u00e1lida y exigible y que, en la medida de lo posible, consiga el objetivo y pretensi\u00f3n reflejados en la estipulaci\u00f3n original.<\/p>\n<h1>T\u00e9rminos y Condiciones Contractuales<\/h1>\n<p>Informaci\u00f3n adicional sobre los t\u00e9rminos y condiciones aplicables a los servicios de consultor\u00eda ofrecidos por Solkeys puede encontrarse en el archivo <a href=\"https:\/\/www.solkeys.com\/wp-content\/uploads\/2025\/11\/Solkeys-Terms-and-Conditions-20251014.pdf\" target=\"_blank\" rel=\"noopener noreferrer\">T\u00e9rminos y Condiciones (EN) (PDF)<\/a>.<\/p>\n<\/div><\/div><\/div><\/div><\/div>\n","protected":false},"excerpt":{"rendered":"","protected":false},"author":1,"featured_media":0,"parent":0,"menu_order":0,"comment_status":"closed","ping_status":"closed","template":"100-width.php","meta":{"footnotes":""},"class_list":["post-3","page","type-page","status-publish","hentry"],"yoast_head":"<!-- This site is optimized with the Yoast SEO plugin v27.4 - https:\/\/yoast.com\/product\/yoast-seo-wordpress\/ -->\n<title>Aviso Legal - Solkeys<\/title>\n<meta name=\"robots\" content=\"index, follow, max-snippet:-1, max-image-preview:large, max-video-preview:-1\" \/>\n<link rel=\"canonical\" href=\"https:\/\/www.solkeys.com\/es\/aviso-legal\/\" \/>\n<meta property=\"og:locale\" content=\"es_ES\" \/>\n<meta property=\"og:type\" content=\"article\" \/>\n<meta property=\"og:title\" content=\"Aviso Legal - Solkeys\" \/>\n<meta property=\"og:url\" content=\"https:\/\/www.solkeys.com\/es\/aviso-legal\/\" \/>\n<meta property=\"og:site_name\" content=\"Solkeys\" \/>\n<meta property=\"article:publisher\" content=\"https:\/\/www.facebook.com\/solkeys.pv?locale=es_LA\" \/>\n<meta property=\"article:modified_time\" content=\"2025-11-07T08:29:28+00:00\" \/>\n<meta property=\"og:image\" content=\"https:\/\/www.solkeys.com\/wp-content\/uploads\/2023\/06\/solkeys.logo_.vectorial_page-0001.jpg\" \/>\n\t<meta property=\"og:image:width\" content=\"2000\" \/>\n\t<meta property=\"og:image:height\" content=\"1125\" \/>\n\t<meta property=\"og:image:type\" content=\"image\/jpeg\" \/>\n<meta name=\"twitter:card\" content=\"summary_large_image\" \/>\n<meta name=\"twitter:label1\" content=\"Tiempo de lectura\" \/>\n\t<meta name=\"twitter:data1\" content=\"7 minutos\" \/>\n<script type=\"application\/ld+json\" class=\"yoast-schema-graph\">{\"@context\":\"https:\\\/\\\/schema.org\",\"@graph\":[{\"@type\":\"WebPage\",\"@id\":\"https:\\\/\\\/www.solkeys.com\\\/es\\\/aviso-legal\\\/\",\"url\":\"https:\\\/\\\/www.solkeys.com\\\/es\\\/aviso-legal\\\/\",\"name\":\"Aviso Legal - Solkeys\",\"isPartOf\":{\"@id\":\"https:\\\/\\\/www.solkeys.com\\\/#website\"},\"datePublished\":\"2023-06-08T14:08:34+00:00\",\"dateModified\":\"2025-11-07T08:29:28+00:00\",\"breadcrumb\":{\"@id\":\"https:\\\/\\\/www.solkeys.com\\\/es\\\/aviso-legal\\\/#breadcrumb\"},\"inLanguage\":\"es\",\"potentialAction\":[{\"@type\":\"ReadAction\",\"target\":[\"https:\\\/\\\/www.solkeys.com\\\/es\\\/aviso-legal\\\/\"]}]},{\"@type\":\"BreadcrumbList\",\"@id\":\"https:\\\/\\\/www.solkeys.com\\\/es\\\/aviso-legal\\\/#breadcrumb\",\"itemListElement\":[{\"@type\":\"ListItem\",\"position\":1,\"name\":\"Home\",\"item\":\"https:\\\/\\\/www.solkeys.com\\\/es\\\/\"},{\"@type\":\"ListItem\",\"position\":2,\"name\":\"Aviso Legal\"}]},{\"@type\":\"WebSite\",\"@id\":\"https:\\\/\\\/www.solkeys.com\\\/#website\",\"url\":\"https:\\\/\\\/www.solkeys.com\\\/\",\"name\":\"Solkeys\",\"description\":\"En clave de sol hacia un futuro sostenible\",\"publisher\":{\"@id\":\"https:\\\/\\\/www.solkeys.com\\\/#organization\"},\"potentialAction\":[{\"@type\":\"SearchAction\",\"target\":{\"@type\":\"EntryPoint\",\"urlTemplate\":\"https:\\\/\\\/www.solkeys.com\\\/?s={search_term_string}\"},\"query-input\":{\"@type\":\"PropertyValueSpecification\",\"valueRequired\":true,\"valueName\":\"search_term_string\"}}],\"inLanguage\":\"es\"},{\"@type\":\"Organization\",\"@id\":\"https:\\\/\\\/www.solkeys.com\\\/#organization\",\"name\":\"Solkeys\",\"url\":\"https:\\\/\\\/www.solkeys.com\\\/\",\"logo\":{\"@type\":\"ImageObject\",\"inLanguage\":\"es\",\"@id\":\"https:\\\/\\\/www.solkeys.com\\\/#\\\/schema\\\/logo\\\/image\\\/\",\"url\":\"https:\\\/\\\/www.solkeys.com\\\/wp-content\\\/uploads\\\/2023\\\/06\\\/solkeys.logo_.png\",\"contentUrl\":\"https:\\\/\\\/www.solkeys.com\\\/wp-content\\\/uploads\\\/2023\\\/06\\\/solkeys.logo_.png\",\"width\":650,\"height\":186,\"caption\":\"Solkeys\"},\"image\":{\"@id\":\"https:\\\/\\\/www.solkeys.com\\\/#\\\/schema\\\/logo\\\/image\\\/\"},\"sameAs\":[\"https:\\\/\\\/www.facebook.com\\\/solkeys.pv?locale=es_LA\",\"https:\\\/\\\/www.linkedin.com\\\/company\\\/solkeys\\\/\"]}]}<\/script>\n<!-- \/ Yoast SEO plugin. -->","yoast_head_json":{"title":"Aviso Legal - Solkeys","robots":{"index":"index","follow":"follow","max-snippet":"max-snippet:-1","max-image-preview":"max-image-preview:large","max-video-preview":"max-video-preview:-1"},"canonical":"https:\/\/www.solkeys.com\/es\/aviso-legal\/","og_locale":"es_ES","og_type":"article","og_title":"Aviso Legal - Solkeys","og_url":"https:\/\/www.solkeys.com\/es\/aviso-legal\/","og_site_name":"Solkeys","article_publisher":"https:\/\/www.facebook.com\/solkeys.pv?locale=es_LA","article_modified_time":"2025-11-07T08:29:28+00:00","og_image":[{"width":2000,"height":1125,"url":"https:\/\/www.solkeys.com\/wp-content\/uploads\/2023\/06\/solkeys.logo_.vectorial_page-0001.jpg","type":"image\/jpeg"}],"twitter_card":"summary_large_image","twitter_misc":{"Tiempo de lectura":"7 minutos"},"schema":{"@context":"https:\/\/schema.org","@graph":[{"@type":"WebPage","@id":"https:\/\/www.solkeys.com\/es\/aviso-legal\/","url":"https:\/\/www.solkeys.com\/es\/aviso-legal\/","name":"Aviso Legal - Solkeys","isPartOf":{"@id":"https:\/\/www.solkeys.com\/#website"},"datePublished":"2023-06-08T14:08:34+00:00","dateModified":"2025-11-07T08:29:28+00:00","breadcrumb":{"@id":"https:\/\/www.solkeys.com\/es\/aviso-legal\/#breadcrumb"},"inLanguage":"es","potentialAction":[{"@type":"ReadAction","target":["https:\/\/www.solkeys.com\/es\/aviso-legal\/"]}]},{"@type":"BreadcrumbList","@id":"https:\/\/www.solkeys.com\/es\/aviso-legal\/#breadcrumb","itemListElement":[{"@type":"ListItem","position":1,"name":"Home","item":"https:\/\/www.solkeys.com\/es\/"},{"@type":"ListItem","position":2,"name":"Aviso Legal"}]},{"@type":"WebSite","@id":"https:\/\/www.solkeys.com\/#website","url":"https:\/\/www.solkeys.com\/","name":"Solkeys","description":"En clave de sol hacia un futuro sostenible","publisher":{"@id":"https:\/\/www.solkeys.com\/#organization"},"potentialAction":[{"@type":"SearchAction","target":{"@type":"EntryPoint","urlTemplate":"https:\/\/www.solkeys.com\/?s={search_term_string}"},"query-input":{"@type":"PropertyValueSpecification","valueRequired":true,"valueName":"search_term_string"}}],"inLanguage":"es"},{"@type":"Organization","@id":"https:\/\/www.solkeys.com\/#organization","name":"Solkeys","url":"https:\/\/www.solkeys.com\/","logo":{"@type":"ImageObject","inLanguage":"es","@id":"https:\/\/www.solkeys.com\/#\/schema\/logo\/image\/","url":"https:\/\/www.solkeys.com\/wp-content\/uploads\/2023\/06\/solkeys.logo_.png","contentUrl":"https:\/\/www.solkeys.com\/wp-content\/uploads\/2023\/06\/solkeys.logo_.png","width":650,"height":186,"caption":"Solkeys"},"image":{"@id":"https:\/\/www.solkeys.com\/#\/schema\/logo\/image\/"},"sameAs":["https:\/\/www.facebook.com\/solkeys.pv?locale=es_LA","https:\/\/www.linkedin.com\/company\/solkeys\/"]}]}},"_links":{"self":[{"href":"https:\/\/www.solkeys.com\/es\/wp-json\/wp\/v2\/pages\/3","targetHints":{"allow":["GET"]}}],"collection":[{"href":"https:\/\/www.solkeys.com\/es\/wp-json\/wp\/v2\/pages"}],"about":[{"href":"https:\/\/www.solkeys.com\/es\/wp-json\/wp\/v2\/types\/page"}],"author":[{"embeddable":true,"href":"https:\/\/www.solkeys.com\/es\/wp-json\/wp\/v2\/users\/1"}],"replies":[{"embeddable":true,"href":"https:\/\/www.solkeys.com\/es\/wp-json\/wp\/v2\/comments?post=3"}],"version-history":[{"count":8,"href":"https:\/\/www.solkeys.com\/es\/wp-json\/wp\/v2\/pages\/3\/revisions"}],"predecessor-version":[{"id":3801,"href":"https:\/\/www.solkeys.com\/es\/wp-json\/wp\/v2\/pages\/3\/revisions\/3801"}],"wp:attachment":[{"href":"https:\/\/www.solkeys.com\/es\/wp-json\/wp\/v2\/media?parent=3"}],"curies":[{"name":"wp","href":"https:\/\/api.w.org\/{rel}","templated":true}]}}