{"id":2688,"date":"2023-06-22T20:04:15","date_gmt":"2023-06-22T20:04:15","guid":{"rendered":"https:\/\/www.solkeys.com\/?page_id=2688"},"modified":"2023-07-31T06:31:07","modified_gmt":"2023-07-31T06:31:07","slug":"politica-privacidad","status":"publish","type":"page","link":"https:\/\/www.solkeys.com\/es\/politica-privacidad\/","title":{"rendered":"Pol\u00edtica de privacidad"},"content":{"rendered":"<div class=\"fusion-fullwidth fullwidth-box fusion-builder-row-1 fusion-flex-container has-pattern-background has-mask-background nonhundred-percent-fullwidth non-hundred-percent-height-scrolling\" style=\"--awb-border-radius-top-left:0px;--awb-border-radius-top-right:0px;--awb-border-radius-bottom-right:0px;--awb-border-radius-bottom-left:0px;--awb-flex-wrap:wrap;\" ><div class=\"fusion-builder-row fusion-row fusion-flex-align-items-flex-start fusion-flex-content-wrap\" style=\"max-width:1248px;margin-left: calc(-4% \/ 2 );margin-right: calc(-4% \/ 2 );\"><div class=\"fusion-layout-column fusion_builder_column fusion-builder-column-0 fusion_builder_column_1_1 1_1 fusion-flex-column\" style=\"--awb-bg-size:cover;--awb-width-large:100%;--awb-margin-top-large:0px;--awb-spacing-right-large:1.92%;--awb-margin-bottom-large:20px;--awb-spacing-left-large:1.92%;--awb-width-medium:100%;--awb-order-medium:0;--awb-spacing-right-medium:1.92%;--awb-spacing-left-medium:1.92%;--awb-width-small:100%;--awb-order-small:0;--awb-spacing-right-small:1.92%;--awb-spacing-left-small:1.92%;\"><div class=\"fusion-column-wrapper fusion-column-has-shadow fusion-flex-justify-content-flex-start fusion-content-layout-column\"><div class=\"fusion-text fusion-text-1\" style=\"--awb-text-font-family:&quot;CenturyGothic&quot;;--awb-text-font-style:normal;--awb-text-font-weight:400;\"><h2>Pol\u00edtica de privacidad y protecci\u00f3n de datos<\/h2>\n<p>Respetando lo establecido en la legislaci\u00f3n vigente, Solkeys, como titular del sitio web alojado en <a href=\"http:\/\/www.solkeys.com\">www.solkeys.com<\/a> (en adelante, el Sitio Web) se compromete a adoptar las medidas t\u00e9cnicas y organizativas necesarias, seg\u00fan el nivel de seguridad adecuado al riesgo de los datos recogidos.<\/p>\n<h4>Marco legal<\/h4>\n<p>Esta pol\u00edtica de privacidad est\u00e1 adaptada a la normativa espa\u00f1ola y europea vigente en materia de protecci\u00f3n de datos personales en internet. En concreto, la misma respeta las siguientes normas:<\/p>\n<ul>\n<li>El Reglamento (UE) 2016\/679 del Parlamento Europeo y del Consejo, de 27 de abril de 2016, relativo a la protecci\u00f3n de las personas f\u00edsicas en lo que respecta al tratamiento de datos personales y a la libre circulaci\u00f3n de estos datos (RGPD).<\/li>\n<li>La Ley Org\u00e1nica 3\/2018, de 5 de diciembre, de Protecci\u00f3n de Datos Personales y garant\u00eda de los derechos digitales (LOPD-GDD).<\/li>\n<li>El Real Decreto 1720\/2007, de 21 de diciembre, por el que se aprueba el Reglamento de desarrollo de la Ley Org\u00e1nica 15\/1999, de 13 de diciembre, de Protecci\u00f3n de Datos de Car\u00e1cter Personal (RDLOPD).<\/li>\n<li>La Ley 34\/2002, de 11 de julio, de Servicios de la Sociedad de la Informaci\u00f3n y de Comercio Electr\u00f3nico (LSSI-CE).<\/li>\n<\/ul>\n<h4>Registro de Datos de Car\u00e1cter Personal<\/h4>\n<p>En cumplimiento de lo establecido en el RGPD y la LOPD-GDD, los datos personales suministrados por el Usuario y recabados por Solkeys, quedar\u00e1n incorporados en nuestro fichero. Se mantiene adem\u00e1s un registro de actividades de tratamiento de los datos.<\/p>\n<h4>Principios aplicables al tratamiento de los datos personales<\/h4>\n<p>El tratamiento de los datos personales del Usuario se someter\u00e1 a los siguientes principios recogidos en el art\u00edculo 5 del RGPD y en el art\u00edculo 4 y siguientes de la Ley Org\u00e1nica 3\/2018, de 5 de diciembre, de Protecci\u00f3n de Datos Personales y garant\u00eda de los derechos digitales:<\/p>\n<ul>\n<li>Principio de licitud, lealtad y transparencia: se requerir\u00e1 en todo momento el consentimiento del Usuario, tras informar de forma transparente de los fines para los cuales se recogen los datos personales.<\/li>\n<li>Principio de limitaci\u00f3n de la finalidad: los datos personales ser\u00e1n recogidos con fines determinados, expl\u00edcitos y leg\u00edtimos.<\/li>\n<li>Principio de minimizaci\u00f3n de datos: se recoger\u00e1n \u00fanicamente los datos personales estrictamente necesarios en relaci\u00f3n con los fines para los que son tratados.<\/li>\n<li>Principio de exactitud: los datos personales deben ser exactos y estar siempre actualizados.<\/li>\n<li>Principio de limitaci\u00f3n del plazo de conservaci\u00f3n: los datos personales solo ser\u00e1n mantenidos de forma que se permita la identificaci\u00f3n del Usuario durante el tiempo necesario para los fines de su tratamiento.<\/li>\n<li>Principio de integridad y confidencialidad: los datos personales ser\u00e1n tratados de manera que se garantice su seguridad y confidencialidad.<\/li>\n<li>Principio de responsabilidad proactiva: el responsable del tratamiento ser\u00e1 responsable de asegurar que los principios anteriores se cumplen.<\/li>\n<\/ul>\n<h4>Categor\u00edas de datos personales<\/h4>\n<p>Las categor\u00edas de datos que se tratan en Solkeys son \u00fanicamente datos identificativos. En ning\u00fan caso se tratar\u00e1n categor\u00edas especiales de datos personales en el sentido del art\u00edculo 9 del RGPD.<\/p>\n<h4>Base legal para el tratamiento de los datos personales<\/h4>\n<p>La base legal para el tratamiento de los datos personales es el consentimiento. Solkeys se compromete a recabar el consentimiento expreso y verificable del Usuario para el tratamiento de sus datos personales para uno o varios fines espec\u00edficos.<\/p>\n<p>El Usuario tendr\u00e1 derecho a retirar su consentimiento en cualquier momento. Ser\u00e1 tan f\u00e1cil retirar el consentimiento como darlo. Como regla general, la retirada del consentimiento no condicionar\u00e1 el uso del Sitio Web.<\/p>\n<p>En las ocasiones en las que el Usuario deba o pueda facilitar sus datos a trav\u00e9s de formularios para realizar consultas, solicitar informaci\u00f3n o por motivos relacionados con el contenido del Sitio Web, se le informar\u00e1 en caso de que la cumplimentaci\u00f3n de alguno de ellos sea obligatoria debido a que los mismos sean imprescindibles para el correcto desarrollo de la operaci\u00f3n realizada.<\/p>\n<h4>Fines del tratamiento a que se destinan los datos personales<\/h4>\n<p>Los datos personales son recabados y gestionados por Solkeys con la finalidad de poder facilitar, agilizar y cumplir los compromisos establecidos entre el Sitio Web y el Usuario o el mantenimiento de la relaci\u00f3n que se establezca en los formularios que este \u00faltimo rellene o para atender una solicitud o consulta.<\/p>\n<p>Igualmente, los datos podr\u00e1n ser utilizados con una finalidad comercial de personalizaci\u00f3n, operativa y estad\u00edstica, y actividades propias del objeto social de Solkeys, as\u00ed como para la extracci\u00f3n, almacenamiento de datos y estudios de marketing para adecuar el Contenido ofertado al Usuario, as\u00ed como mejorar la calidad, funcionamiento y navegaci\u00f3n por el Sitio Web.<\/p>\n<p>En el momento en que se obtengan los datos personales, se informar\u00e1 al Usuario acerca del fin o fines espec\u00edficos del tratamiento a que se destinar\u00e1n los datos personales; es decir, del uso o usos que se dar\u00e1 a la informaci\u00f3n recopilada.<\/p>\n<h4>Per\u00edodos de retenci\u00f3n de los datos personales<\/h4>\n<p>Los datos personales solo ser\u00e1n retenidos durante el tiempo m\u00ednimo necesario para los fines de su tratamiento y, en todo caso, \u00fanicamente durante el siguiente plazo: 12 meses, o hasta que el Usuario solicite su supresi\u00f3n.<\/p>\n<p>En el momento en que se obtengan los datos personales, se informar\u00e1 al Usuario acerca del plazo durante el cual se conservar\u00e1n los datos personales o, cuando eso no sea posible, los criterios utilizados para determinar este plazo.<\/p>\n<h4>Destinatarios de los datos personales<\/h4>\n<p>Los datos personales se alojar\u00e1n en la base de datos del Sitio Web o en el almac\u00e9n de los servidores de nuestro proveedor de servicios (<a href=\"https:\/\/www.ovh.com\">https:\/\/www.ovh.com<\/a>).<\/p>\n<p>Los datos personales podr\u00e1n ser compartidos con aseguradoras y\/o asesores profesionales en la medida en que sea razonablemente necesario para obtener o mantener una cobertura de seguro, gestionar riesgos y obtener asesoramiento profesional.<\/p>\n<p>Adem\u00e1s, los datos podr\u00e1n ser comunicados cuando esto sea necesario para cumplir con una obligaci\u00f3n legal, ya sea en procedimientos administrativos o judiciales.<\/p>\n<p>En caso de que Solkeys tenga la intenci\u00f3n de transferir datos personales a un tercer pa\u00eds u organizaci\u00f3n internacional, en el momento en que se obtengan los datos personales, se informar\u00e1 al Usuario acerca del tercer pa\u00eds u organizaci\u00f3n internacional al cual se tiene la intenci\u00f3n de transferir los datos.<\/p>\n<h4>Datos personales de menores de edad<\/h4>\n<p>Respetando lo establecido en los art\u00edculos 8 del RGPD y 7 de la Ley Org\u00e1nica 3\/2018, de 5 de diciembre, de Protecci\u00f3n de Datos Personales y garant\u00eda de los derechos digitales, solo los mayores de 14 a\u00f1os podr\u00e1n otorgar su consentimiento para el tratamiento de sus datos personales de forma l\u00edcita por Solkeys. Si se trata de un menor de 14 a\u00f1os, ser\u00e1 necesario el consentimiento de los padres o tutores para el tratamiento, y este solo se considerar\u00e1 l\u00edcito en la medida en la que los mismos lo hayan autorizado.<\/p>\n<h4>Secreto y seguridad de los datos personales<\/h4>\n<p>Solkeys se compromete a adoptar las medidas t\u00e9cnicas y organizativas necesarias, seg\u00fan el nivel de seguridad adecuado al riesgo de los datos recogidos, de forma que se garantice la seguridad de los datos de car\u00e1cter personal y se evite la destrucci\u00f3n, p\u00e9rdida o alteraci\u00f3n accidental o il\u00edcita de datos personales transmitidos, conservados o tratados de otra forma, o la comunicaci\u00f3n o acceso no autorizados a dichos datos.<\/p>\n<p>El Sitio Web cuenta con un certificado SSL (Secure Socket Layer), que asegura que los datos personales se transmiten de forma segura y confidencial, al ser la transmisi\u00f3n de los datos entre el servidor y el Usuario, y en retroalimentaci\u00f3n, totalmente cifrada o encriptada.<\/p>\n<p>Sin embargo, debido a que Solkeys no puede garantizar la inexpugnabilidad de internet ni la ausencia total de hackers u otros que accedan de modo fraudulento a los datos personales, Solkeys se compromete a comunicar al Usuario sin dilaci\u00f3n indebida cuando ocurra una violaci\u00f3n de la seguridad de los datos personales que sea probable que entra\u00f1e un alto riesgo para los derechos y libertades de las personas f\u00edsicas. Siguiendo lo establecido en el art\u00edculo 4 del RGPD, se entiende por violaci\u00f3n de la seguridad de los datos personales toda violaci\u00f3n de la seguridad que ocasione la destrucci\u00f3n, p\u00e9rdida o alteraci\u00f3n accidental o il\u00edcita de datos personales transmitidos, conservados o tratados de otra forma, o la comunicaci\u00f3n o acceso no autorizados a dichos datos.<\/p>\n<p>Los datos personales ser\u00e1n tratados como confidenciales por Solkeys, que se compromete a informar de y a garantizar por medio de una obligaci\u00f3n legal o contractual que dicha confidencialidad sea respetada por sus empleados, asociados, y toda persona a la cual le haga accesible la informaci\u00f3n.<\/p>\n<h4>Derechos derivados del tratamiento de los datos personales<\/h4>\n<p>El Usuario podr\u00e1 ejercer los siguientes derechos reconocidos en el RGPD y la Ley Org\u00e1nica 3\/2018, de 5 de diciembre, de Protecci\u00f3n de Datos Personales y garant\u00eda de los derechos digitales:<\/p>\n<ul>\n<li><em>Derecho de acceso:<\/em> Es el derecho del Usuario a obtener confirmaci\u00f3n de si Solkeys est\u00e1 tratando o no sus datos personales y, en caso afirmativo, obtener informaci\u00f3n sobre sus datos concretos de car\u00e1cter personal y del tratamiento que Solkeys haya realizado o realice, as\u00ed como, entre otra, de la informaci\u00f3n disponible sobre el origen de dichos datos y los destinatarios de las comunicaciones realizadas o previstas de los mismos.<\/li>\n<li><em>Derecho de rectificaci\u00f3n:<\/em> Es el derecho del Usuario a que se modifiquen sus datos personales que resulten ser inexactos o, teniendo en cuenta los fines del tratamiento, incompletos.<\/li>\n<li><em>Derecho de supresi\u00f3n (\u00abel derecho al olvido\u00bb):<\/em> Es el derecho del Usuario, siempre que la legislaci\u00f3n vigente no establezca lo contrario, a obtener la supresi\u00f3n de sus datos personales cuando estos ya no sean necesarios para los fines para los cuales fueron recogidos o tratados; el Usuario haya retirado su consentimiento al tratamiento y este no cuente con otra base legal; el Usuario se oponga al tratamiento y no exista otro motivo leg\u00edtimo para continuar con el mismo; los datos personales hayan sido tratados il\u00edcitamente; los datos personales deban suprimirse en cumplimiento de una obligaci\u00f3n legal; o los datos personales hayan sido obtenidos producto de una oferta directa de servicios de la sociedad de la informaci\u00f3n a un menor de 14 a\u00f1os. Adem\u00e1s de suprimir los datos, el responsable del tratamiento, teniendo en cuenta la tecnolog\u00eda disponible y el coste de su aplicaci\u00f3n, deber\u00e1 adoptar medidas razonables para informar a los responsables que est\u00e9n tratando los datos personales de la solicitud del interesado de supresi\u00f3n de cualquier enlace a esos datos personales.<\/li>\n<li><em>Derecho a la limitaci\u00f3n del tratamiento:<\/em> Es el derecho del Usuario a limitar el tratamiento de sus datos personales. El Usuario tiene derecho a obtener la limitaci\u00f3n del tratamiento cuando impugne la exactitud de sus datos personales; el tratamiento sea il\u00edcito; Solkeys ya no necesite los datos personales, pero el Usuario lo necesite para hacer reclamaciones; y cuando el Usuario se haya opuesto al tratamiento.<\/li>\n<li><em>Derecho a la portabilidad de los datos:<\/em> En caso de que el tratamiento se efect\u00fae por medios automatizados, el Usuario tendr\u00e1 derecho a recibir de Solkeys sus datos personales en un formato estructurado y de uso com\u00fan, y a transmitirlos a otro responsable del tratamiento. Siempre que sea t\u00e9cnicamente posible, el responsable del tratamiento transmitir\u00e1 directamente los datos a ese otro responsable.<\/li>\n<li><em>Derecho de oposici\u00f3n:<\/em> Es el derecho del Usuario a que no se lleve a cabo el tratamiento de sus datos de car\u00e1cter personal o se cese el tratamiento de los mismos por parte de Solkeys.<\/li>\n<li><em>Derecho a no ser objeto de una decisi\u00f3n basada \u00fanicamente en el tratamiento automatizado, incluida la elaboraci\u00f3n de perfiles:<\/em> Es el derecho del Usuario a no ser objeto de una decisi\u00f3n individualizada basada \u00fanicamente en el tratamiento automatizado de sus datos personales, incluida la elaboraci\u00f3n de perfiles, existente salvo que la legislaci\u00f3n vigente establezca lo contrario.<\/li>\n<\/ul>\n<p>As\u00ed pues, el Usuario podr\u00e1 ejercitar sus derechos mediante comunicaci\u00f3n al responsable de tratamiento de datos, especificando:<\/p>\n<ul>\n<li>Nombre, apellidos del Usuario y copia del DNI. En los casos en que se admita la representaci\u00f3n, ser\u00e1 tambi\u00e9n necesaria la identificaci\u00f3n por el mismo medio de la persona que representa al Usuario, as\u00ed como el documento acreditativo de la representaci\u00f3n. La fotocopia del DNI podr\u00e1 ser sustituida, por cualquier otro medio v\u00e1lido en derecho que acredite la identidad.<\/li>\n<li>Petici\u00f3n con los motivos espec\u00edficos de la solicitud o informaci\u00f3n a la que se quiere acceder.<\/li>\n<li>Domicilio a efecto de notificaciones.<\/li>\n<li>Fecha y firma del solicitante.<\/li>\n<li>Todo documento que acredite la petici\u00f3n que formula.<\/li>\n<\/ul>\n<h4>Enlaces a sitios web de terceros<\/h4>\n<p>El Sitio Web puede incluir hiperv\u00ednculos o enlaces que permiten acceder a p\u00e1ginas web de terceros distintos de Solkeys, y que por tanto no son operados por Solkeys. Los titulares de dichos sitios web dispondr\u00e1n de sus propias pol\u00edticas de protecci\u00f3n de datos, siendo ellos mismos, en cada caso, responsables de sus propios ficheros y de sus propias pr\u00e1cticas de privacidad.<\/p>\n<h4>Reclamaciones ante la autoridad de control<\/h4>\n<p>En caso de que el Usuario considere que existe un problema o infracci\u00f3n de la normativa vigente en la forma en la que se est\u00e1n tratando sus datos personales, tendr\u00e1 derecho a la tutela judicial efectiva y a presentar una reclamaci\u00f3n ante una autoridad de control. En el caso de Espa\u00f1a, la autoridad de control es la Agencia Espa\u00f1ola de Protecci\u00f3n de Datos.<\/p>\n<h4>Identidad del responsable del tratamiento de los datos personales<\/h4>\n<p>El responsable del tratamiento de los datos personales recogidos en Solkeys es: Paula S\u00e1nchez-Friera, con correo electr\u00f3nico de contacto <a href=\"mailto:datos@solkeys.com\">info@solkeys.com<\/a>.<\/p>\n<h2>Aceptaci\u00f3n y cambios en esta pol\u00edtica de privacidad<\/h2>\n<p>Es necesario que el Usuario haya le\u00eddo y est\u00e9 conforme con las condiciones sobre la protecci\u00f3n de datos de car\u00e1cter personal contenidas en esta Pol\u00edtica de Privacidad, as\u00ed como que acepte el tratamiento de sus datos personales para que el responsable del tratamiento pueda proceder al mismo en la forma, durante los plazos y para las finalidades indicadas. El uso del Sitio Web implicar\u00e1 la aceptaci\u00f3n de la Pol\u00edtica de Privacidad del mismo.<\/p>\n<p>Solkeys se reserva el derecho a modificar su Pol\u00edtica de Privacidad, de acuerdo a su propio criterio, o motivado por un cambio legislativo, jurisprudencial o doctrinal de la Agencia Espa\u00f1ola de Protecci\u00f3n de Datos. Los cambios o actualizaciones de esta Pol\u00edtica de Privacidad no ser\u00e1n notificados de forma expl\u00edcita al Usuario. Se recomienda al Usuario consultar esta p\u00e1gina de forma peri\u00f3dica para estar al tanto de los \u00faltimos cambios o actualizaciones.<\/p>\n<\/div><\/div><\/div><\/div><\/div>\n","protected":false},"excerpt":{"rendered":"","protected":false},"author":1,"featured_media":0,"parent":0,"menu_order":0,"comment_status":"closed","ping_status":"closed","template":"","meta":{"footnotes":""},"class_list":["post-2688","page","type-page","status-publish","hentry"],"yoast_head":"<!-- This site is optimized with the Yoast SEO plugin v27.4 - https:\/\/yoast.com\/product\/yoast-seo-wordpress\/ -->\n<title>Pol\u00edtica de privacidad - Solkeys<\/title>\n<meta name=\"robots\" content=\"index, follow, max-snippet:-1, max-image-preview:large, max-video-preview:-1\" \/>\n<link rel=\"canonical\" href=\"https:\/\/www.solkeys.com\/es\/politica-privacidad\/\" \/>\n<meta property=\"og:locale\" content=\"es_ES\" \/>\n<meta property=\"og:type\" content=\"article\" \/>\n<meta property=\"og:title\" content=\"Pol\u00edtica de privacidad - Solkeys\" \/>\n<meta property=\"og:url\" content=\"https:\/\/www.solkeys.com\/es\/politica-privacidad\/\" \/>\n<meta property=\"og:site_name\" content=\"Solkeys\" \/>\n<meta property=\"article:publisher\" content=\"https:\/\/www.facebook.com\/solkeys.pv?locale=es_LA\" \/>\n<meta property=\"article:modified_time\" content=\"2023-07-31T06:31:07+00:00\" \/>\n<meta property=\"og:image\" content=\"https:\/\/www.solkeys.com\/wp-content\/uploads\/2023\/06\/solkeys.logo_.vectorial_page-0001.jpg\" \/>\n\t<meta property=\"og:image:width\" content=\"2000\" \/>\n\t<meta property=\"og:image:height\" content=\"1125\" \/>\n\t<meta property=\"og:image:type\" content=\"image\/jpeg\" \/>\n<meta name=\"twitter:card\" content=\"summary_large_image\" \/>\n<meta name=\"twitter:label1\" content=\"Tiempo de lectura\" \/>\n\t<meta name=\"twitter:data1\" content=\"16 minutos\" \/>\n<script type=\"application\/ld+json\" class=\"yoast-schema-graph\">{\"@context\":\"https:\\\/\\\/schema.org\",\"@graph\":[{\"@type\":\"WebPage\",\"@id\":\"https:\\\/\\\/www.solkeys.com\\\/es\\\/politica-privacidad\\\/\",\"url\":\"https:\\\/\\\/www.solkeys.com\\\/es\\\/politica-privacidad\\\/\",\"name\":\"Pol\u00edtica de privacidad - Solkeys\",\"isPartOf\":{\"@id\":\"https:\\\/\\\/www.solkeys.com\\\/#website\"},\"datePublished\":\"2023-06-22T20:04:15+00:00\",\"dateModified\":\"2023-07-31T06:31:07+00:00\",\"breadcrumb\":{\"@id\":\"https:\\\/\\\/www.solkeys.com\\\/es\\\/politica-privacidad\\\/#breadcrumb\"},\"inLanguage\":\"es\",\"potentialAction\":[{\"@type\":\"ReadAction\",\"target\":[\"https:\\\/\\\/www.solkeys.com\\\/es\\\/politica-privacidad\\\/\"]}]},{\"@type\":\"BreadcrumbList\",\"@id\":\"https:\\\/\\\/www.solkeys.com\\\/es\\\/politica-privacidad\\\/#breadcrumb\",\"itemListElement\":[{\"@type\":\"ListItem\",\"position\":1,\"name\":\"Home\",\"item\":\"https:\\\/\\\/www.solkeys.com\\\/es\\\/\"},{\"@type\":\"ListItem\",\"position\":2,\"name\":\"Pol\u00edtica de privacidad\"}]},{\"@type\":\"WebSite\",\"@id\":\"https:\\\/\\\/www.solkeys.com\\\/#website\",\"url\":\"https:\\\/\\\/www.solkeys.com\\\/\",\"name\":\"Solkeys\",\"description\":\"En clave de sol hacia un futuro sostenible\",\"publisher\":{\"@id\":\"https:\\\/\\\/www.solkeys.com\\\/#organization\"},\"potentialAction\":[{\"@type\":\"SearchAction\",\"target\":{\"@type\":\"EntryPoint\",\"urlTemplate\":\"https:\\\/\\\/www.solkeys.com\\\/?s={search_term_string}\"},\"query-input\":{\"@type\":\"PropertyValueSpecification\",\"valueRequired\":true,\"valueName\":\"search_term_string\"}}],\"inLanguage\":\"es\"},{\"@type\":\"Organization\",\"@id\":\"https:\\\/\\\/www.solkeys.com\\\/#organization\",\"name\":\"Solkeys\",\"url\":\"https:\\\/\\\/www.solkeys.com\\\/\",\"logo\":{\"@type\":\"ImageObject\",\"inLanguage\":\"es\",\"@id\":\"https:\\\/\\\/www.solkeys.com\\\/#\\\/schema\\\/logo\\\/image\\\/\",\"url\":\"https:\\\/\\\/www.solkeys.com\\\/wp-content\\\/uploads\\\/2023\\\/06\\\/solkeys.logo_.png\",\"contentUrl\":\"https:\\\/\\\/www.solkeys.com\\\/wp-content\\\/uploads\\\/2023\\\/06\\\/solkeys.logo_.png\",\"width\":650,\"height\":186,\"caption\":\"Solkeys\"},\"image\":{\"@id\":\"https:\\\/\\\/www.solkeys.com\\\/#\\\/schema\\\/logo\\\/image\\\/\"},\"sameAs\":[\"https:\\\/\\\/www.facebook.com\\\/solkeys.pv?locale=es_LA\",\"https:\\\/\\\/www.linkedin.com\\\/company\\\/solkeys\\\/\"]}]}<\/script>\n<!-- \/ Yoast SEO plugin. -->","yoast_head_json":{"title":"Pol\u00edtica de privacidad - Solkeys","robots":{"index":"index","follow":"follow","max-snippet":"max-snippet:-1","max-image-preview":"max-image-preview:large","max-video-preview":"max-video-preview:-1"},"canonical":"https:\/\/www.solkeys.com\/es\/politica-privacidad\/","og_locale":"es_ES","og_type":"article","og_title":"Pol\u00edtica de privacidad - Solkeys","og_url":"https:\/\/www.solkeys.com\/es\/politica-privacidad\/","og_site_name":"Solkeys","article_publisher":"https:\/\/www.facebook.com\/solkeys.pv?locale=es_LA","article_modified_time":"2023-07-31T06:31:07+00:00","og_image":[{"width":2000,"height":1125,"url":"https:\/\/www.solkeys.com\/wp-content\/uploads\/2023\/06\/solkeys.logo_.vectorial_page-0001.jpg","type":"image\/jpeg"}],"twitter_card":"summary_large_image","twitter_misc":{"Tiempo de lectura":"16 minutos"},"schema":{"@context":"https:\/\/schema.org","@graph":[{"@type":"WebPage","@id":"https:\/\/www.solkeys.com\/es\/politica-privacidad\/","url":"https:\/\/www.solkeys.com\/es\/politica-privacidad\/","name":"Pol\u00edtica de privacidad - Solkeys","isPartOf":{"@id":"https:\/\/www.solkeys.com\/#website"},"datePublished":"2023-06-22T20:04:15+00:00","dateModified":"2023-07-31T06:31:07+00:00","breadcrumb":{"@id":"https:\/\/www.solkeys.com\/es\/politica-privacidad\/#breadcrumb"},"inLanguage":"es","potentialAction":[{"@type":"ReadAction","target":["https:\/\/www.solkeys.com\/es\/politica-privacidad\/"]}]},{"@type":"BreadcrumbList","@id":"https:\/\/www.solkeys.com\/es\/politica-privacidad\/#breadcrumb","itemListElement":[{"@type":"ListItem","position":1,"name":"Home","item":"https:\/\/www.solkeys.com\/es\/"},{"@type":"ListItem","position":2,"name":"Pol\u00edtica de privacidad"}]},{"@type":"WebSite","@id":"https:\/\/www.solkeys.com\/#website","url":"https:\/\/www.solkeys.com\/","name":"Solkeys","description":"En clave de sol hacia un futuro sostenible","publisher":{"@id":"https:\/\/www.solkeys.com\/#organization"},"potentialAction":[{"@type":"SearchAction","target":{"@type":"EntryPoint","urlTemplate":"https:\/\/www.solkeys.com\/?s={search_term_string}"},"query-input":{"@type":"PropertyValueSpecification","valueRequired":true,"valueName":"search_term_string"}}],"inLanguage":"es"},{"@type":"Organization","@id":"https:\/\/www.solkeys.com\/#organization","name":"Solkeys","url":"https:\/\/www.solkeys.com\/","logo":{"@type":"ImageObject","inLanguage":"es","@id":"https:\/\/www.solkeys.com\/#\/schema\/logo\/image\/","url":"https:\/\/www.solkeys.com\/wp-content\/uploads\/2023\/06\/solkeys.logo_.png","contentUrl":"https:\/\/www.solkeys.com\/wp-content\/uploads\/2023\/06\/solkeys.logo_.png","width":650,"height":186,"caption":"Solkeys"},"image":{"@id":"https:\/\/www.solkeys.com\/#\/schema\/logo\/image\/"},"sameAs":["https:\/\/www.facebook.com\/solkeys.pv?locale=es_LA","https:\/\/www.linkedin.com\/company\/solkeys\/"]}]}},"_links":{"self":[{"href":"https:\/\/www.solkeys.com\/es\/wp-json\/wp\/v2\/pages\/2688","targetHints":{"allow":["GET"]}}],"collection":[{"href":"https:\/\/www.solkeys.com\/es\/wp-json\/wp\/v2\/pages"}],"about":[{"href":"https:\/\/www.solkeys.com\/es\/wp-json\/wp\/v2\/types\/page"}],"author":[{"embeddable":true,"href":"https:\/\/www.solkeys.com\/es\/wp-json\/wp\/v2\/users\/1"}],"replies":[{"embeddable":true,"href":"https:\/\/www.solkeys.com\/es\/wp-json\/wp\/v2\/comments?post=2688"}],"version-history":[{"count":6,"href":"https:\/\/www.solkeys.com\/es\/wp-json\/wp\/v2\/pages\/2688\/revisions"}],"predecessor-version":[{"id":3501,"href":"https:\/\/www.solkeys.com\/es\/wp-json\/wp\/v2\/pages\/2688\/revisions\/3501"}],"wp:attachment":[{"href":"https:\/\/www.solkeys.com\/es\/wp-json\/wp\/v2\/media?parent=2688"}],"curies":[{"name":"wp","href":"https:\/\/api.w.org\/{rel}","templated":true}]}}